{"id":3866,"date":"2024-01-04T06:50:36","date_gmt":"2024-01-04T06:50:36","guid":{"rendered":"https:\/\/agatrade.lt\/contacts\/"},"modified":"2024-02-08T14:58:55","modified_gmt":"2024-02-08T14:58:55","slug":"kontaktai","status":"publish","type":"page","link":"https:\/\/agatrade.lt\/lt\/kontaktai\/","title":{"rendered":"Kontaktai"},"content":{"rendered":"<p>[vc_row content_placement=&#8221;middle&#8221; responsive_css=&#8221;padding_top_medium:80px|padding_bottom_medium:80px&#8221; css=&#8221;.vc_custom_1608199084580{padding-top: 60px !important;padding-bottom: 60px !important;}&#8221;][vc_column width=&#8221;1\/2&#8243; responsive_css=&#8221;margin_bottom_medium:0px|padding_right_medium:60px|padding_left_medium:60px|padding_top_small:55px|padding_right_small:20px|padding_bottom_small:35px|padding_left_small:20px&#8221; css=&#8221;.vc_custom_1608199163750{margin-bottom: 30px !important;border-top-width: 1px !important;border-right-width: 1px !important;border-bottom-width: 1px !important;border-left-width: 1px !important;padding-top: 45px !important;padding-right: 20px !important;padding-bottom: 25px !important;padding-left: 20px !important;border-left-color: #dddddd !important;border-left-style: solid !important;border-right-color: #dddddd !important;border-right-style: solid !important;border-top-color: #dddddd !important;border-top-style: solid !important;border-bottom-color: #dddddd !important;border-bottom-style: solid !important;border-radius: 3px !important;}&#8221;]<style>.ld_fancy_heading_69d5d36c071e3 h1 {font-size:34px; } .ld_fancy_heading_69d5d36c071e3 h1 {font-weight:500; } .ld_fancy_heading_69d5d36c071e3 .lqd-highlight-inner{height:0.275em!important;bottom:0px!important;}.ld_fancy_heading_69d5d36c071e3 h1 {font-size:34px; } .ld_fancy_heading_69d5d36c071e3 h1 {font-weight:500; } <\/style><div class=\"ld-fancy-heading ld_fancy_heading_69d5d36c071e3\">\n\t<h1 class=\"ld-fh-element lqd-highlight-underline lqd-highlight-grow-left text-decoration-default\"   >  UAB AGA Trade<\/h1><\/div><style>.ld_fancy_heading_69d5d36c074f5 p {margin-bottom:2.5em !important;  } .ld_fancy_heading_69d5d36c074f5 .lqd-highlight-inner{height:0.275em!important;bottom:0px!important;}.ld_fancy_heading_69d5d36c074f5 p {margin-bottom:2.5em !important;  } <\/style><div class=\"ld-fancy-heading ld_fancy_heading_69d5d36c074f5\">\n\t<p class=\"ld-fh-element lqd-highlight-underline lqd-highlight-grow-left text-decoration-default\"   >  \u012emon\u0117s kodas: 300663831<br \/>\nPVM mok\u0117tojo kodas: LT100007778012<\/p><\/div><style>.ld_icon_box_69d5d36c07688 .iconbox-icon-container{color:rgb(204, 204, 204);font-size:16px;border-radius:px;}.ld_icon_box_69d5d36c07688 .iconbox-icon-wrap{margin-inline-end:15px !important;}.ld_icon_box_69d5d36c07688 .lqd-iconbox-title{color:rgba(0, 0, 0, 0.6);margin-bottom:px;font-size:15px;}<\/style>\n<div class=\"iconbox iconbox-side text-align-default ld_icon_box_69d5d36c07688 vc_custom_1707280218089\" id=\"ld_icon_box_69d5d36c07688\"  data-animate-icon=\"true\" data-plugin-options='{\"color\":\"rgb(204, 204, 204)\"}'  >\n\t\n\t\t\t\t\t\n\t\n\t<div class=\"iconbox-icon-wrap\"><span class=\"iconbox-icon-container\"><i class=\"fas fa-map-marker-alt\"><\/i><\/span><\/div>\t\n\t\t\n\t\t\n\t\t\n\t<h3 class=\"lqd-iconbox-title font-weight-normal\">Stoties g. 49, LT-68261<br \/>Marijampol\u0117<\/h3>\t\t\t\n\t\t\n\t\n<\/div>\n<style>.ld_icon_box_69d5d36c080ce .iconbox-icon-container{color:rgb(204, 204, 204);font-size:16px;border-radius:px;}.ld_icon_box_69d5d36c080ce .iconbox-icon-wrap{margin-inline-end:15px !important;}.ld_icon_box_69d5d36c080ce .lqd-iconbox-title{color:rgba(0, 0, 0, 0.6);margin-bottom:px;font-size:15px;}<\/style>\n<div class=\"iconbox iconbox-side text-align-default ld_icon_box_69d5d36c080ce vc_custom_1707404282539\" id=\"ld_icon_box_69d5d36c080ce\"  data-animate-icon=\"true\" data-plugin-options='{\"color\":\"rgb(204, 204, 204)\"}'  >\n\t\n\t\t\t\t\t\n\t\n\t<div class=\"iconbox-icon-wrap\"><span class=\"iconbox-icon-container\"><i class=\"fas fa-phone\"><\/i><\/span><\/div>\t\n\t\t\n\t\t\n\t\t\n\t<h3 class=\"lqd-iconbox-title font-weight-normal\">+370 685 11017<\/h3>\t\t\t\n\t\t\n\t<a href=\"tel:+37068511017\" class=\"liquid-overlay-link z-index-2\"><\/a>\n<\/div>\n<style>.ld_icon_box_69d5d36c08436 .iconbox-icon-container{color:rgb(204, 204, 204);font-size:16px;border-radius:px;}.ld_icon_box_69d5d36c08436 .iconbox-icon-wrap{margin-inline-end:15px !important;}.ld_icon_box_69d5d36c08436 .lqd-iconbox-title{color:rgba(0, 0, 0, 0.6);margin-bottom:px;font-size:15px;}<\/style>\n<div class=\"iconbox iconbox-side text-align-default ld_icon_box_69d5d36c08436 vc_custom_1707404330727\" id=\"ld_icon_box_69d5d36c08436\"  data-animate-icon=\"true\" data-plugin-options='{\"color\":\"rgb(204, 204, 204)\"}'  >\n\t\n\t\t\t\t\t\n\t\n\t<div class=\"iconbox-icon-wrap\"><span class=\"iconbox-icon-container\"><i class=\"fas fa-envelope\"><\/i><\/span><\/div>\t\n\t\t\n\t\t\n\t\t\n\t<h3 class=\"lqd-iconbox-title font-weight-normal\">sales@agatrade.lt<\/h3>\t\t\t\n\t\t\n\t<a href=\"mailto:sales@agatrade.lt\" class=\"liquid-overlay-link z-index-2\"><\/a>\n<\/div>\n[\/vc_column][vc_column width=&#8221;1\/2&#8243; offset=&#8221;vc_col-md-offset-1 vc_col-md-5&#8243; responsive_css=&#8221;padding_right_medium:12%25&#8243;]<style>.ld_cf7_69d5d36c085b0 input,.ld_cf7_69d5d36c085b0 textarea,.ld_cf7_69d5d36c085b0 .ui-button.ui-selectmenu-button{font-size:13px;}.ld_cf7_69d5d36c085b0 input[type=\"submit\"]{font-size:14px;}.ld_cf7_69d5d36c085b0 input, .ld_cf7_69d5d36c085b0 select, .ld_cf7_69d5d36c085b0 textarea, .ld_cf7_69d5d36c085b0 .ui-button.ui-selectmenu-button{background:rgb(247, 248, 248);}.ld_cf7_69d5d36c085b0 input, .ld_cf7_69d5d36c085b0 select, .ld_cf7_69d5d36c085b0 textarea, .ld_cf7_69d5d36c085b0 .ui-button.ui-selectmenu-button, .ld_cf7_69d5d36c085b0 .wpcf7-form-control-wrap > i, .ld_cf7_69d5d36c085b0 .wpcf7-radio{color:rgb(123, 131, 142);}.ld_cf7_69d5d36c085b0 input:focus, .ld_cf7_69d5d36c085b0 select:focus, .ld_cf7_69d5d36c085b0 textarea:focus, .ld_cf7_69d5d36c085b0 .ui-button.ui-selectmenu-button:hover, .wpcf7-acceptance .wpcf7-list-item-label:after{color:rgb(0, 0, 0);}<\/style><div id=\"ld_cf7_69d5d36c085b0\" class=\"lqd-contact-form lqd-contact-form-inputs-filled lqd-contact-form-inputs-round lqd-contact-form-button-block lqd-contact-form-button-round ld_cf7_69d5d36c085b0 vc_custom_1706865381176\">\n\t\n<div class=\"wpcf7 no-js\" id=\"wpcf7-f3875-o1\" lang=\"en-US\" dir=\"ltr\">\n<div class=\"screen-reader-response\"><p role=\"status\" aria-live=\"polite\" aria-atomic=\"true\"><\/p> <ul><\/ul><\/div>\n<form action=\"\/lt\/wp-json\/wp\/v2\/pages\/3866#wpcf7-f3875-o1\" method=\"post\" class=\"wpcf7-form init\" aria-label=\"Contact form\" novalidate=\"novalidate\" data-status=\"init\">\n<div style=\"display: none;\">\n<input type=\"hidden\" name=\"_wpcf7\" value=\"3875\" \/>\n<input type=\"hidden\" name=\"_wpcf7_version\" value=\"5.9.3\" \/>\n<input type=\"hidden\" name=\"_wpcf7_locale\" value=\"en_US\" \/>\n<input type=\"hidden\" name=\"_wpcf7_unit_tag\" value=\"wpcf7-f3875-o1\" \/>\n<input type=\"hidden\" name=\"_wpcf7_container_post\" value=\"0\" \/>\n<input type=\"hidden\" name=\"_wpcf7_posted_data_hash\" value=\"\" \/>\n<input type=\"hidden\" name=\"_wpcf7_recaptcha_response\" value=\"\" \/>\n<\/div>\n<p><span class=\"wpcf7-form-control-wrap\" data-name=\"text-775\"><input size=\"40\" class=\"wpcf7-form-control wpcf7-text wpcf7-validates-as-required\" aria-required=\"true\" aria-invalid=\"false\" placeholder=\"J\u016bs\u0173 vardas\" value=\"\" type=\"text\" name=\"text-775\" \/><\/span><br \/>\n<span class=\"wpcf7-form-control-wrap\" data-name=\"text-815\"><input size=\"40\" class=\"wpcf7-form-control wpcf7-text wpcf7-validates-as-required\" aria-required=\"true\" aria-invalid=\"false\" placeholder=\"\u012emon\u0117\" value=\"\" type=\"text\" name=\"text-815\" \/><\/span><br \/>\n<span class=\"wpcf7-form-control-wrap\" data-name=\"email-550\"><input size=\"40\" class=\"wpcf7-form-control wpcf7-email wpcf7-validates-as-required wpcf7-text wpcf7-validates-as-email\" aria-required=\"true\" aria-invalid=\"false\" placeholder=\"Elektroninis pa\u0161tas\" value=\"\" type=\"email\" name=\"email-550\" \/><\/span><span id=\"wpcf7-69d5d36c095b5-wrapper\" class=\"wpcf7-form-control-wrap honeypot-870-wrap\" ><label for=\"wpcf7-69d5d36c095b5-field\" class=\"hp-message\">Please leave this field empty.<\/label><input id=\"wpcf7-69d5d36c095b5-field\"  class=\"wpcf7-form-control wpcf7-text\" type=\"text\" name=\"honeypot-870\" value=\"\" size=\"40\" tabindex=\"-1\" autocomplete=\"new-password\" \/><\/span><br \/>\n<span class=\"wpcf7-form-control-wrap\" data-name=\"tel-958\"><input size=\"40\" class=\"wpcf7-form-control wpcf7-tel wpcf7-text wpcf7-validates-as-tel\" aria-invalid=\"false\" placeholder=\"Telefono numeris\" value=\"\" type=\"tel\" name=\"tel-958\" \/><\/span><br \/>\n<span class=\"wpcf7-form-control-wrap\" data-name=\"textarea-138\"><textarea cols=\"10\" rows=\"4\" class=\"wpcf7-form-control wpcf7-textarea wpcf7-validates-as-required\" aria-required=\"true\" aria-invalid=\"false\" placeholder=\"\u017dinut\u0117\" name=\"textarea-138\"><\/textarea><\/span><br \/>\n<input class=\"wpcf7-form-control wpcf7-submit has-spinner\" type=\"submit\" value=\"Si\u0173sti\" \/>\n<\/p><div class=\"wpcf7-response-output\" aria-hidden=\"true\"><\/div>\n<\/form>\n<\/div>\n<\/div>[\/vc_column][\/vc_row][vc_row full_width=&#8221;stretch_row&#8221; gap=&#8221;0&#8243;][vc_column]<div class=\"ld-gmap-container ld_google_map_69d5d36c09e63\" id=\"ld_google_map_69d5d36c09e63\" style=\"height: 440px\">\n\n\t<div class=\"ld-gmap\" data-plugin-map=\"true\" data-plugin-options='{\"style\":\"classic\",\"address\":\"Stoties g. 49, LT-68261 Marijampol\\u0117\",\"marker\":\"https:\\\/\\\/agatrade.lt\\\/wp-content\\\/plugins\\\/hub-core\\\/assets\\\/img\\\/markers\\\/map-pin.svg\",\"markers\":null,\"map\":{\"zoom\":9,\"mapTypeId\":\"roadmap\",\"fullscreenControl\":true},\"marker_style\":\"html\"}'><\/div>\n\n<\/div>[\/vc_column][\/vc_row][vc_row css=&#8221;.vc_custom_1596326945613{border-bottom-width: 1px !important;padding-top: 60px !important;padding-bottom: 35px !important;border-bottom-color: rgba(0,0,0,0.07) !important;border-bottom-style: solid !important;}&#8221; responsive_css=&#8221;border_bottom_medium:1px|padding_top_medium:75px|padding_bottom_medium:45px|padding_top_small:70px|padding_bottom_small:45px&#8221;][vc_column align=&#8221;text-center&#8221; offset=&#8221;vc_col-md-offset-3 vc_col-md-6&#8243; css=&#8221;.vc_custom_1606176773239{margin-bottom: 40px !important;}&#8221; responsive_align=&#8221;text-left text-md-center&#8221;]<style>@media (min-width: 1200px) { .ld_fancy_heading_69d5d36c0a219 h2 {padding-right:14% !important; padding-left:14% !important;  }  } .ld_fancy_heading_69d5d36c0a219 .lqd-highlight-inner{height:0.275em!important;bottom:0px!important;}@media (min-width: 1200px) { .ld_fancy_heading_69d5d36c0a219 h2 {padding-right:14% !important; padding-left:14% !important;  }  } <\/style><div class=\"ld-fancy-heading ld_fancy_heading_69d5d36c0a219\">\n\t<h2 class=\"ld-fh-element lqd-highlight-underline lqd-highlight-grow-left text-decoration-default\"   >  Komanda<\/h2><\/div><style>.ld_fancy_heading_69d5d36c0a4ec p {font-size:17px; } .ld_fancy_heading_69d5d36c0a4ec p {line-height:30px; } .ld_fancy_heading_69d5d36c0a4ec p {--element-line-height:30px; } .ld_fancy_heading_69d5d36c0a4ec .lqd-highlight-inner{height:0.275em!important;bottom:0px!important;}.ld_fancy_heading_69d5d36c0a4ec p {font-size:17px; } .ld_fancy_heading_69d5d36c0a4ec p {line-height:30px; } .ld_fancy_heading_69d5d36c0a4ec p {--element-line-height:30px; } <\/style><div class=\"ld-fancy-heading ld_fancy_heading_69d5d36c0a4ec\">\n\t<p class=\"ld-fh-element lqd-highlight-underline lqd-highlight-grow-left text-decoration-default\"   >  \u201eAGA Trade\u201d komand\u0105 sudaro patyr\u0119 prekybos ekspertai bei nepriklausomi konsultantai, kuri\u0173 bendradarbiavimas leid\u017eia pasi\u016blyti geriausius sprendimus ir s\u0105lygas m\u016bs\u0173 klientams.<\/p><\/div>[\/vc_column][vc_column][vc_row_inner][vc_column_inner width=&#8221;1\/3&#8243;][vc_single_image image=&#8221;3779&#8243;]<style>.ld_fancy_heading_69d5d36c0a7b2 h3 {font-size:16px; } .ld_fancy_heading_69d5d36c0a7b2 h3 {margin-bottom:20px !important;  } .ld_fancy_heading_69d5d36c0a7b2 .lqd-highlight-inner{height:0.275em!important;bottom:0px!important;}.ld_fancy_heading_69d5d36c0a7b2 h3 {font-size:16px; } .ld_fancy_heading_69d5d36c0a7b2 h3 {margin-bottom:20px !important;  } <\/style><div class=\"ld-fancy-heading ld_fancy_heading_69d5d36c0a7b2\">\n\t<h3 class=\"ld-fh-element lqd-highlight-underline lqd-highlight-grow-left text-decoration-default\"   >  Tomas\u00a0Adomaitis<br \/>\nVadovas<\/h3><\/div><style>.ld_fancy_heading_69d5d36c0a96a .lqd-highlight-inner{height:0.275em!important;bottom:0px!important;}<\/style><div class=\"ld-fancy-heading ld_fancy_heading_69d5d36c0a96a\">\n\t<p class=\"ld-fh-element lqd-highlight-underline lqd-highlight-grow-left text-decoration-default\"   >  <a href=\"mailto:sales@agatrade.lt\">sales@agatrade.lt<\/a><br \/>\n<a href=\"tel:+37068511017\">+370\u00a0685 11017<\/a><\/p><\/div>[\/vc_column_inner][vc_column_inner width=&#8221;1\/3&#8243;][\/vc_column_inner][vc_column_inner width=&#8221;1\/3&#8243;][\/vc_column_inner][\/vc_row_inner][\/vc_column][\/vc_row]<\/p>\n","protected":false},"excerpt":{"rendered":"<p>[vc_row content_placement=&#8221;middle&#8221; responsive_css=&#8221;padding_top_medium:80px|padding_bottom_medium:80px&#8221; css=&#8221;.vc_custom_1608199084580{padding-top: 60px !important;padding-bottom: 60px !important;}&#8221;][vc_column width=&#8221;1\/2&#8243; responsive_css=&#8221;margin_bottom_medium:0px|padding_right_medium:60px|padding_left_medium:60px|padding_top_small:55px|padding_right_small:20px|padding_bottom_small:35px|padding_left_small:20px&#8221; css=&#8221;.vc_custom_1608199163750{margin-bottom: 30px !important;border-top-width: 1px !important;border-right-width: 1px !important;border-bottom-width: 1px !important;border-left-width: 1px !important;padding-top: 45px !important;padding-right: 20px !important;padding-bottom: 25px !important;padding-left: 20px !important;border-left-color: #dddddd !important;border-left-style: solid !important;border-right-color: #dddddd !important;border-right-style: solid !important;border-top-color: #dddddd !important;border-top-style: solid !important;border-bottom-color: #dddddd !important;border-bottom-style: solid !important;border-radius: 3px !important;}&#8221;][\/vc_column][vc_column width=&#8221;1\/2&#8243; offset=&#8221;vc_col-md-offset-1 vc_col-md-5&#8243; responsive_css=&#8221;padding_right_medium:12%25&#8243;][\/vc_column][\/vc_row][vc_row full_width=&#8221;stretch_row&#8221; gap=&#8221;0&#8243;][vc_column][\/vc_column][\/vc_row][vc_row css=&#8221;.vc_custom_1596326945613{border-bottom-width: 1px [&hellip;]<\/p>\n","protected":false},"author":1,"featured_media":0,"parent":0,"menu_order":0,"comment_status":"closed","ping_status":"closed","template":"","meta":{"footnotes":""},"class_list":["post-3866","page","type-page","status-publish","hentry"],"yoast_head":"<!-- This site is optimized with the Yoast SEO plugin v22.4 - https:\/\/yoast.com\/wordpress\/plugins\/seo\/ -->\n<title>Kontaktai - AGA Trade<\/title>\n<meta name=\"robots\" content=\"index, follow, max-snippet:-1, max-image-preview:large, max-video-preview:-1\" \/>\n<link rel=\"canonical\" href=\"https:\/\/agatrade.lt\/lt\/kontaktai\/\" \/>\n<meta property=\"og:locale\" content=\"lt_LT\" \/>\n<meta property=\"og:type\" content=\"article\" \/>\n<meta property=\"og:title\" content=\"Kontaktai - AGA Trade\" \/>\n<meta property=\"og:description\" content=\"[vc_row content_placement=&#8221;middle&#8221; responsive_css=&#8221;padding_top_medium:80px|padding_bottom_medium:80px&#8221; css=&#8221;.vc_custom_1608199084580{padding-top: 60px !important;padding-bottom: 60px !important;}&#8221;][vc_column width=&#8221;1\/2&#8243; responsive_css=&#8221;margin_bottom_medium:0px|padding_right_medium:60px|padding_left_medium:60px|padding_top_small:55px|padding_right_small:20px|padding_bottom_small:35px|padding_left_small:20px&#8221; css=&#8221;.vc_custom_1608199163750{margin-bottom: 30px !important;border-top-width: 1px !important;border-right-width: 1px !important;border-bottom-width: 1px !important;border-left-width: 1px !important;padding-top: 45px !important;padding-right: 20px !important;padding-bottom: 25px !important;padding-left: 20px !important;border-left-color: #dddddd !important;border-left-style: solid !important;border-right-color: #dddddd !important;border-right-style: solid !important;border-top-color: #dddddd !important;border-top-style: solid !important;border-bottom-color: #dddddd !important;border-bottom-style: solid !important;border-radius: 3px !important;}&#8221;][\/vc_column][vc_column width=&#8221;1\/2&#8243; offset=&#8221;vc_col-md-offset-1 vc_col-md-5&#8243; responsive_css=&#8221;padding_right_medium:12%25&#8243;][\/vc_column][\/vc_row][vc_row full_width=&#8221;stretch_row&#8221; gap=&#8221;0&#8243;][vc_column][\/vc_column][\/vc_row][vc_row css=&#8221;.vc_custom_1596326945613{border-bottom-width: 1px [&hellip;]\" \/>\n<meta property=\"og:url\" content=\"https:\/\/agatrade.lt\/lt\/kontaktai\/\" \/>\n<meta property=\"og:site_name\" content=\"AGA Trade\" \/>\n<meta property=\"article:modified_time\" content=\"2024-02-08T14:58:55+00:00\" \/>\n<meta name=\"twitter:card\" content=\"summary_large_image\" \/>\n<meta name=\"twitter:label1\" content=\"Est. reading time\" \/>\n\t<meta name=\"twitter:data1\" content=\"2 minut\u0117s\" \/>\n<script type=\"application\/ld+json\" class=\"yoast-schema-graph\">{\"@context\":\"https:\/\/schema.org\",\"@graph\":[{\"@type\":\"WebPage\",\"@id\":\"https:\/\/agatrade.lt\/lt\/kontaktai\/\",\"url\":\"https:\/\/agatrade.lt\/lt\/kontaktai\/\",\"name\":\"Kontaktai - AGA Trade\",\"isPartOf\":{\"@id\":\"https:\/\/agatrade.lt\/#website\"},\"datePublished\":\"2024-01-04T06:50:36+00:00\",\"dateModified\":\"2024-02-08T14:58:55+00:00\",\"breadcrumb\":{\"@id\":\"https:\/\/agatrade.lt\/lt\/kontaktai\/#breadcrumb\"},\"inLanguage\":\"lt-LT\",\"potentialAction\":[{\"@type\":\"ReadAction\",\"target\":[\"https:\/\/agatrade.lt\/lt\/kontaktai\/\"]}]},{\"@type\":\"BreadcrumbList\",\"@id\":\"https:\/\/agatrade.lt\/lt\/kontaktai\/#breadcrumb\",\"itemListElement\":[{\"@type\":\"ListItem\",\"position\":1,\"name\":\"Home\",\"item\":\"https:\/\/agatrade.lt\/lt\/\"},{\"@type\":\"ListItem\",\"position\":2,\"name\":\"Kontaktai\"}]},{\"@type\":\"WebSite\",\"@id\":\"https:\/\/agatrade.lt\/#website\",\"url\":\"https:\/\/agatrade.lt\/\",\"name\":\"AGA Trade\",\"description\":\"I\u0161pl\u0117skite savo prekybos galimybes\",\"potentialAction\":[{\"@type\":\"SearchAction\",\"target\":{\"@type\":\"EntryPoint\",\"urlTemplate\":\"https:\/\/agatrade.lt\/?s={search_term_string}\"},\"query-input\":\"required name=search_term_string\"}],\"inLanguage\":\"lt-LT\"}]}<\/script>\n<!-- \/ Yoast SEO plugin. -->","yoast_head_json":{"title":"Kontaktai - AGA Trade","robots":{"index":"index","follow":"follow","max-snippet":"max-snippet:-1","max-image-preview":"max-image-preview:large","max-video-preview":"max-video-preview:-1"},"canonical":"https:\/\/agatrade.lt\/lt\/kontaktai\/","og_locale":"lt_LT","og_type":"article","og_title":"Kontaktai - AGA Trade","og_description":"[vc_row content_placement=&#8221;middle&#8221; responsive_css=&#8221;padding_top_medium:80px|padding_bottom_medium:80px&#8221; css=&#8221;.vc_custom_1608199084580{padding-top: 60px !important;padding-bottom: 60px !important;}&#8221;][vc_column width=&#8221;1\/2&#8243; responsive_css=&#8221;margin_bottom_medium:0px|padding_right_medium:60px|padding_left_medium:60px|padding_top_small:55px|padding_right_small:20px|padding_bottom_small:35px|padding_left_small:20px&#8221; css=&#8221;.vc_custom_1608199163750{margin-bottom: 30px !important;border-top-width: 1px !important;border-right-width: 1px !important;border-bottom-width: 1px !important;border-left-width: 1px !important;padding-top: 45px !important;padding-right: 20px !important;padding-bottom: 25px !important;padding-left: 20px !important;border-left-color: #dddddd !important;border-left-style: solid !important;border-right-color: #dddddd !important;border-right-style: solid !important;border-top-color: #dddddd !important;border-top-style: solid !important;border-bottom-color: #dddddd !important;border-bottom-style: solid !important;border-radius: 3px !important;}&#8221;][\/vc_column][vc_column width=&#8221;1\/2&#8243; offset=&#8221;vc_col-md-offset-1 vc_col-md-5&#8243; responsive_css=&#8221;padding_right_medium:12%25&#8243;][\/vc_column][\/vc_row][vc_row full_width=&#8221;stretch_row&#8221; gap=&#8221;0&#8243;][vc_column][\/vc_column][\/vc_row][vc_row css=&#8221;.vc_custom_1596326945613{border-bottom-width: 1px [&hellip;]","og_url":"https:\/\/agatrade.lt\/lt\/kontaktai\/","og_site_name":"AGA Trade","article_modified_time":"2024-02-08T14:58:55+00:00","twitter_card":"summary_large_image","twitter_misc":{"Est. reading time":"2 minut\u0117s"},"schema":{"@context":"https:\/\/schema.org","@graph":[{"@type":"WebPage","@id":"https:\/\/agatrade.lt\/lt\/kontaktai\/","url":"https:\/\/agatrade.lt\/lt\/kontaktai\/","name":"Kontaktai - AGA Trade","isPartOf":{"@id":"https:\/\/agatrade.lt\/#website"},"datePublished":"2024-01-04T06:50:36+00:00","dateModified":"2024-02-08T14:58:55+00:00","breadcrumb":{"@id":"https:\/\/agatrade.lt\/lt\/kontaktai\/#breadcrumb"},"inLanguage":"lt-LT","potentialAction":[{"@type":"ReadAction","target":["https:\/\/agatrade.lt\/lt\/kontaktai\/"]}]},{"@type":"BreadcrumbList","@id":"https:\/\/agatrade.lt\/lt\/kontaktai\/#breadcrumb","itemListElement":[{"@type":"ListItem","position":1,"name":"Home","item":"https:\/\/agatrade.lt\/lt\/"},{"@type":"ListItem","position":2,"name":"Kontaktai"}]},{"@type":"WebSite","@id":"https:\/\/agatrade.lt\/#website","url":"https:\/\/agatrade.lt\/","name":"AGA Trade","description":"I\u0161pl\u0117skite savo prekybos galimybes","potentialAction":[{"@type":"SearchAction","target":{"@type":"EntryPoint","urlTemplate":"https:\/\/agatrade.lt\/?s={search_term_string}"},"query-input":"required name=search_term_string"}],"inLanguage":"lt-LT"}]}},"_links":{"self":[{"href":"https:\/\/agatrade.lt\/lt\/wp-json\/wp\/v2\/pages\/3866","targetHints":{"allow":["GET"]}}],"collection":[{"href":"https:\/\/agatrade.lt\/lt\/wp-json\/wp\/v2\/pages"}],"about":[{"href":"https:\/\/agatrade.lt\/lt\/wp-json\/wp\/v2\/types\/page"}],"author":[{"embeddable":true,"href":"https:\/\/agatrade.lt\/lt\/wp-json\/wp\/v2\/users\/1"}],"replies":[{"embeddable":true,"href":"https:\/\/agatrade.lt\/lt\/wp-json\/wp\/v2\/comments?post=3866"}],"version-history":[{"count":0,"href":"https:\/\/agatrade.lt\/lt\/wp-json\/wp\/v2\/pages\/3866\/revisions"}],"wp:attachment":[{"href":"https:\/\/agatrade.lt\/lt\/wp-json\/wp\/v2\/media?parent=3866"}],"curies":[{"name":"wp","href":"https:\/\/api.w.org\/{rel}","templated":true}]}}