{"id":3865,"date":"2024-01-04T07:02:05","date_gmt":"2024-01-04T07:02:05","guid":{"rendered":"https:\/\/agatrade.lt\/about-us\/"},"modified":"2024-02-12T08:01:23","modified_gmt":"2024-02-12T08:01:23","slug":"apie-mus","status":"publish","type":"page","link":"https:\/\/agatrade.lt\/lt\/apie-mus\/","title":{"rendered":"Apie mus"},"content":{"rendered":"<p>[vc_row css=&#8221;.vc_custom_1608193681640{padding-top: 60px !important;padding-bottom: 60px !important;}&#8221;][vc_column column_top_ontablet=&#8221;yes&#8221; column_top_onmobile=&#8221;yes&#8221; offset=&#8221;vc_col-md-offset-1 vc_col-md-12&#8243; responsive_css=&#8221;margin_bottom_medium:0px&#8221; css=&#8221;.vc_custom_1704352986889{margin-bottom: 35px !important;}&#8221;]<style>.ld_fancy_heading_69d5a672155d9 h3 {font-size:25px; } .ld_fancy_heading_69d5a672155d9 h3 {margin-bottom:1em !important;  } .ld_fancy_heading_69d5a672155d9 .lqd-highlight-inner{height:0.275em!important;bottom:0px!important;}.ld_fancy_heading_69d5a672155d9 h3 {font-size:25px; } .ld_fancy_heading_69d5a672155d9 h3 {margin-bottom:1em !important;  } <\/style><div class=\"ld-fancy-heading ld_fancy_heading_69d5a672155d9\">\n\t<h3 class=\"ld-fh-element lqd-highlight-underline lqd-highlight-grow-left text-decoration-default\"   >  I\u0161pl\u0117skite savo prekybos galimybes \u201eAGA Trade\u201dekspert\u0173 pagalba<\/h3><\/div><style>.ld_fancy_heading_69d5a67215f97 p {margin-bottom:1.5em !important;  } .ld_fancy_heading_69d5a67215f97 .lqd-highlight-inner{height:0.275em!important;bottom:0px!important;}.ld_fancy_heading_69d5a67215f97 p {margin-bottom:1.5em !important;  } <\/style><div class=\"ld-fancy-heading ld_fancy_heading_69d5a67215f97\">\n\t<p class=\"ld-fh-element lqd-highlight-underline lqd-highlight-grow-left text-decoration-default\"   >  \u201eAGA Trade\u201d \u2013 ilgamet\u0119 patirt\u012f turinti \u012fmon\u0117, kurios pagrindin\u0117 veiklos sritis yra \u012fmoni\u0173 atstovimas \u012fvedant j\u0173 prekinius \u017eenklus bei produktus \u012f u\u017esienio bei Lietuvos rinkas. M\u016bs\u0173 sukurta klient\u0173 paie\u0161kos vidin\u0117 sistema optimizuoja paie\u0161k\u0173 laik\u0105 ir u\u017etikrina tiek gamintojui, tiek pirk\u0117jui palankiausi\u0105 rezultat\u0105. Mes siekiame, kad procesas b\u016bt\u0173 pakankamai sklandus ir greitas, o klientui kainuot\u0173 ma\u017eiausi\u0105 \u012fmanom\u0105 kiek\u012f pastang\u0173.<\/p><\/div><style>.ld_fancy_heading_69d5a672162fe p {margin-bottom:1.5em !important;  } .ld_fancy_heading_69d5a672162fe .lqd-highlight-inner{height:0.275em!important;bottom:0px!important;}.ld_fancy_heading_69d5a672162fe p {margin-bottom:1.5em !important;  } <\/style><div class=\"ld-fancy-heading ld_fancy_heading_69d5a672162fe\">\n\t<p class=\"ld-fh-element lqd-highlight-underline lqd-highlight-grow-left text-decoration-default\"   >  Ilgamet\u0117s patirties ir taikom\u0173 auk\u0161\u010diausi\u0173 verslo etikos standart\u0173 d\u0117ka esame u\u017emezg\u0119 glaud\u017eius santykius su partneriais Europos ir Azijos \u0161alyse, tod\u0117l procesai dirbant su \u201eAGA Trade\u201d ne retai pranoksta kliento l\u016bkes\u010dius. I\u0161pl\u0117skime j\u016bs\u0173 prekybos galimybes drauge.<\/p><\/div>[vc_single_image image=&#8221;3687&#8243;][vc_separator color=&#8221;custom&#8221; accent_color=&#8221;rgba(0,0,0,0.1)&#8221; css=&#8221;.vc_custom_1608195050020{margin-top: 10px !important;}&#8221;]<style>.ld_fancy_heading_69d5a672164ef h3 {font-size:25px; } .ld_fancy_heading_69d5a672164ef h3 {margin-bottom:1em !important;  } .ld_fancy_heading_69d5a672164ef .lqd-highlight-inner{height:0.275em!important;bottom:0px!important;}.ld_fancy_heading_69d5a672164ef h3 {font-size:25px; } .ld_fancy_heading_69d5a672164ef h3 {margin-bottom:1em !important;  } <\/style><div class=\"ld-fancy-heading ld_fancy_heading_69d5a672164ef\">\n\t<h3 class=\"ld-fh-element lqd-highlight-underline lqd-highlight-grow-left text-decoration-default\"   >  M\u016bs\u0173 vertyb\u0117s<\/h3><\/div>[vc_row_inner][vc_column_inner width=&#8221;1\/2&#8243;]<style>.ld_custom_menu_69d5a672165fa > ul > li:not(:last-child){margin-bottom:15px;}.lqd-stickybar > .lqd-head-col > .header-module > .ld_custom_menu_69d5a672165fa li{margin-inline-start:15px;}.ld_custom_menu_69d5a672165fa > ul > li .link-icon{color:rgb(38, 176, 95);}<\/style><div\n\tclass=\"lqd-fancy-menu lqd-custom-menu lqd-menu-td-none ld_custom_menu_69d5a672165fa\"\n\t>\n\n\t<ul class=\"reset-ul\" id=\"ld_custom_menu_69d5a672165fa\" >\n\t<li><a href=\"#\" target=\"_blank\"><span class=\"link-icon left-icon icon-next-to-label\"><i class=\"lqd-icn-ess icon-ion-ios-checkmark\"><\/i><\/span> Atsakomyb\u0117<\/a><\/li><li><a href=\"#\" target=\"_blank\"><span class=\"link-icon left-icon icon-next-to-label\"><i class=\"lqd-icn-ess icon-ion-ios-checkmark\"><\/i><\/span> Eksperti\u0161kumas<\/a><\/li><li><a href=\"#\" target=\"_blank\"><span class=\"link-icon left-icon icon-next-to-label\"><i class=\"lqd-icn-ess icon-ion-ios-checkmark\"><\/i><\/span> Patikimumas<\/a><\/li>\t<\/ul>\n<\/div>[\/vc_column_inner][vc_column_inner width=&#8221;1\/2&#8243;]<style>.ld_custom_menu_69d5a67216930 > ul > li:not(:last-child){margin-bottom:15px;}.lqd-stickybar > .lqd-head-col > .header-module > .ld_custom_menu_69d5a67216930 li{margin-inline-start:15px;}.ld_custom_menu_69d5a67216930 > ul > li .link-icon{color:rgb(38, 176, 95);}<\/style><div\n\tclass=\"lqd-fancy-menu lqd-custom-menu lqd-menu-td-none ld_custom_menu_69d5a67216930\"\n\t>\n\n\t<ul class=\"reset-ul\" id=\"ld_custom_menu_69d5a67216930\" >\n\t<li><a href=\"#\" target=\"_blank\"><span class=\"link-icon left-icon icon-next-to-label\"><i class=\"lqd-icn-ess icon-ion-ios-checkmark\"><\/i><\/span> Greitis<\/a><\/li><li><a href=\"#\" target=\"_blank\"><span class=\"link-icon left-icon icon-next-to-label\"><i class=\"lqd-icn-ess icon-ion-ios-checkmark\"><\/i><\/span> Efektyvumas<\/a><\/li><li><a href=\"#\" target=\"_blank\"><span class=\"link-icon left-icon icon-next-to-label\"><i class=\"lqd-icn-ess icon-ion-ios-checkmark\"><\/i><\/span> Skaidrumas<\/a><\/li>\t<\/ul>\n<\/div>[\/vc_column_inner][\/vc_row_inner][\/vc_column][\/vc_row][vc_row content_placement=&#8221;middle&#8221; row_scale_bg_onhover=&#8221;yes&#8221; enable_overlay=&#8221;yes&#8221; css=&#8221;.vc_custom_1704459177658{padding-top: 60px !important;padding-bottom: 60px !important;background-image: url(https:\/\/agatrade.lt\/wp-content\/uploads\/2024\/01\/cta-small.jpg?id=3692) !important;background-position: center !important;background-repeat: no-repeat !important;background-size: cover !important;}&#8221; overlay_bg=&#8221;rgba(0, 0, 0, 0.22)&#8221; hover_overlay_bg=&#8221;rgba(0, 0, 0, 0.4)&#8221; responsive_css=&#8221;padding_top_medium:100px|padding_bottom_medium:80px|padding_top_small:60px|padding_bottom_small:60px&#8221;][vc_column align=&#8221;text-center&#8221; offset=&#8221;vc_col-md-7&#8243; responsive_align=&#8221;text-md-left&#8221; css=&#8221;.vc_custom_1595400834749{margin-bottom: 45px !important;}&#8221;]<style>.ld_fancy_heading_69d5a67216a28 h2{color:rgb(255, 255, 255);}.ld_fancy_heading_69d5a67216a28 h2 {font-size:35px; } @media (min-width: 768px) { .ld_fancy_heading_69d5a67216a28 h2 {font-size:45px; }  } .ld_fancy_heading_69d5a67216a28 h2 {letter-spacing:-0.01em; } .ld_fancy_heading_69d5a67216a28 h2 {margin-bottom:0px !important;  } .ld_fancy_heading_69d5a67216a28 .lqd-highlight-inner{height:0.275em!important;bottom:0px!important;}.ld_fancy_heading_69d5a67216a28 h2 {font-size:35px; } @media (min-width: 768px) { .ld_fancy_heading_69d5a67216a28 h2 {font-size:45px; }  } .ld_fancy_heading_69d5a67216a28 h2 {letter-spacing:-0.01em; } .ld_fancy_heading_69d5a67216a28 h2 {margin-bottom:0px !important;  } <\/style><div class=\"ld-fancy-heading mask-text ld_fancy_heading_69d5a67216a28\">\n\t<h2 class=\"ld-fh-element lqd-highlight-underline lqd-highlight-grow-left text-decoration-default lqd-split-lines\"   data-split-text=\"true\" data-split-options='{\"type\":\"lines\"}' data-custom-animations=\"true\" data-ca-options='{\"triggerHandler\":\"inview\",\"animationTarget\":\".lqd-lines > .split-inner\",\"duration\":\"1800\",\"delay\":\"180\",\"ease\":\"power4.out\",\"direction\":\"forward\",\"initValues\":{\"y\":90},\"animations\":{\"y\":0}}'>  I\u0161pl\u0117skite savo prekybos galimybes<\/h2><\/div>[\/vc_column][vc_column enable_content_animation=&#8221;yes&#8221; ca_init_scale_x=&#8221;1&#8243; ca_init_scale_y=&#8221;1&#8243; ca_init_opacity=&#8221;0&#8243; ca_an_scale_x=&#8221;1&#8243; ca_an_scale_y=&#8221;1&#8243; ca_an_opacity=&#8221;1&#8243; ca_init_scale_z=&#8221;1&#8243; ca_an_scale_z=&#8221;1&#8243; align=&#8221;text-center&#8221; offset=&#8221;vc_col-md-offset-2 vc_col-md-3&#8243; ca_init_translate_y=&#8221;39&#8243; responsive_align=&#8221;text-md-right&#8221;]<style>.ld_button_69d5a67216b41.btn-icon-solid:hover .btn-icon{background:rgb(59, 59, 59);}.ld_button_69d5a67216b41:hover{background-color:rgb(59, 59, 59);border-color:rgb(59, 59, 59);}.ld_button_69d5a67216b41 .btn-gradient-bg-hover{background:-webkit-linear-gradient(to right, rgb(59, 59, 59) 0%, rgb(59, 59, 59) 100%);background:linear-gradient(to right, rgb(59, 59, 59) 0%, rgb(59, 59, 59) 100%);}.ld_button_69d5a67216b41:hover .btn-gradient-border defs stop:first-child{stop-color:rgb(59, 59, 59);}.ld_button_69d5a67216b41:hover .btn-gradient-border defs stop:last-child{stop-color:rgb(59, 59, 59);}.ld_button_69d5a67216b41 {line-height:1.5em; } .ld_button_69d5a67216b41 {--element-line-height:1.5em; } .ld_button_69d5a67216b41 {line-height:1.5em; } .ld_button_69d5a67216b41 {--element-line-height:1.5em; } .ld_button_69d5a67216b41 {line-height:1.5em; } .ld_button_69d5a67216b41 {--element-line-height:1.5em; } .ld_button_69d5a67216b41 {line-height:1.5em; } .ld_button_69d5a67216b41 {--element-line-height:1.5em; } <\/style><a href=\"\/lt\/kontaktai\/\" class=\"btn btn-solid text-uppercase btn-xlg round border-thin btn-hover-swp btn-has-label ld_button_69d5a67216b41\" >\n\t<span>\n\t\t\n\t\t\t\t\t<span class=\"btn-txt\" data-text=\"Susisiekite\" >Susisiekite<\/span>\n\t\t\t\n\t<span class=\"btn-icon\"><i class=\"lqd-icn-ess icon-md-arrow-forward\"><\/i><\/span>\t<span class=\"btn-icon\"><i class=\"lqd-icn-ess icon-md-arrow-forward\"><\/i><\/span>\t\t\t<\/span>\n<\/a>\n[\/vc_column][\/vc_row][vc_row css=&#8221;.vc_custom_1704463693569{padding-top: 55px !important;padding-bottom: 55px !important;}&#8221;][vc_column offset=&#8221;vc_col-md-3&#8243; responsive_css=&#8221;margin_bottom_medium:0px&#8221; css=&#8221;.vc_custom_1596325944900{margin-bottom: 35px !important;}&#8221; responsive_align=&#8221;text-xs-center&#8221;]<style>.ld_fancy_heading_69d5a67216fec h6{color:rgb(0, 0, 0);}.ld_fancy_heading_69d5a67216fec h6 {font-size:14px; } .ld_fancy_heading_69d5a67216fec h6 {font-weight:400; } .ld_fancy_heading_69d5a67216fec h6 {margin-bottom:1em !important;  } .ld_fancy_heading_69d5a67216fec .lqd-highlight-inner{height:0.275em!important;bottom:0px!important;}.ld_fancy_heading_69d5a67216fec h6 {font-size:14px; } .ld_fancy_heading_69d5a67216fec h6 {font-weight:400; } .ld_fancy_heading_69d5a67216fec h6 {margin-bottom:1em !important;  } <\/style><div class=\"ld-fancy-heading ld_fancy_heading_69d5a67216fec\">\n\t<h6 class=\"ld-fh-element lqd-highlight-underline lqd-highlight-grow-left text-decoration-default\"   >  S\u0116KM\u0116S ISTORIJOS<\/h6><\/div>[\/vc_column][vc_column offset=&#8221;vc_col-md-9&#8243;]<style>.carousel-container.ld_carousel_tab_69d5a6721747c .carousel-item{width:33.333333333333%;flex-basis:33.333333333333%;padding-inline-start:3%;padding-inline-end:3%;}.carousel-container.ld_carousel_tab_69d5a6721747c .carousel-items{margin-inline-start:-3%;margin-inline-end:-3%;}.ld_carousel_tab_69d5a6721747c.carousel-dots{position:relative;top:auto;right:auto;bottom:-25px;left:auto;}@media (min-width: 768px) {.carousel-container.ld_carousel_tab_69d5a6721747c .carousel-item { width:25%; flex-basis: 25%; }.carousel-container.ld_carousel_tab_69d5a6721747c .carousel-item { padding-inline-start:4%;padding-inline-end:4%;}.carousel-container.ld_carousel_tab_69d5a6721747c .carousel-items { margin-inline-start:-4%;margin-inline-end:-4%;}}@media (min-width: 992px) {.carousel-container.ld_carousel_tab_69d5a6721747c .carousel-item { width:20%; flex-basis: 20%; }}<\/style><div id=\"ld_carousel_tab_69d5a6721747c\" class=\"carousel-container carousel-nav-left carousel-nav-mobile-center no carousel-nav-md carousel-dots-mobile-center carousel-dots-style1 carousel-dots-mobile-outside ld_carousel_tab_69d5a6721747c\">\n\n\t<div class=\"carousel-items\"  data-lqd-flickity='{\"cellSelector\":\".carousel-item\",\"cellAlign\":\"left\",\"prevNextButtons\":false,\"pageDots\":false,\"groupCells\":true,\"wrapAround\":true,\"equalHeightCells\":true,\"middleAlignContent\":true,\"pauseAutoPlayOnHover\":false,\"buttonsAppendTo\":\"self\",\"addSlideNumbersToArrows\":false,\"dotsIndicator\":\"dots\",\"numbersStyle\":\"circle\",\"dotsAppendTo\":\"self\"}' >\n\t<div class=\"carousel-item has-width\"><div class=\"carousel-item-inner\"><div class=\"carousel-item-content\">[vc_single_image image=&#8221;3959&#8243; alignment=&#8221;center&#8221; enable_opacity=&#8221;yes&#8221; opacity=&#8221;0.75&#8243; css=&#8221;.vc_custom_1707112235677{margin-bottom: 0px !important;}&#8221;]<\/div><\/div><\/div><div class=\"carousel-item has-width\"><div class=\"carousel-item-inner\"><div class=\"carousel-item-content\">[vc_single_image image=&#8221;3962&#8243; alignment=&#8221;center&#8221; enable_opacity=&#8221;yes&#8221; opacity=&#8221;0.75&#8243; css=&#8221;.vc_custom_1707112256909{margin-bottom: 0px !important;}&#8221;]<\/div><\/div><\/div><div class=\"carousel-item has-width\"><div class=\"carousel-item-inner\"><div class=\"carousel-item-content\">[vc_single_image image=&#8221;4045&#8243; alignment=&#8221;center&#8221; enable_opacity=&#8221;yes&#8221; opacity=&#8221;0.75&#8243; css=&#8221;.vc_custom_1707724880154{margin-bottom: 0px !important;}&#8221;]<\/div><\/div><\/div>\t<\/div>\n\n<\/div>[\/vc_column][\/vc_row]<\/p>\n","protected":false},"excerpt":{"rendered":"<p>[vc_row css=&#8221;.vc_custom_1608193681640{padding-top: 60px !important;padding-bottom: 60px !important;}&#8221;][vc_column column_top_ontablet=&#8221;yes&#8221; column_top_onmobile=&#8221;yes&#8221; offset=&#8221;vc_col-md-offset-1 vc_col-md-12&#8243; responsive_css=&#8221;margin_bottom_medium:0px&#8221; css=&#8221;.vc_custom_1704352986889{margin-bottom: 35px !important;}&#8221;][vc_single_image image=&#8221;3687&#8243;][vc_separator color=&#8221;custom&#8221; accent_color=&#8221;rgba(0,0,0,0.1)&#8221; css=&#8221;.vc_custom_1608195050020{margin-top: 10px !important;}&#8221;][vc_row_inner][vc_column_inner width=&#8221;1\/2&#8243;][\/vc_column_inner][vc_column_inner width=&#8221;1\/2&#8243;][\/vc_column_inner][\/vc_row_inner][\/vc_column][\/vc_row][vc_row content_placement=&#8221;middle&#8221; row_scale_bg_onhover=&#8221;yes&#8221; enable_overlay=&#8221;yes&#8221; css=&#8221;.vc_custom_1704459177658{padding-top: 60px !important;padding-bottom: 60px !important;background-image: url(https:\/\/agatrade.lt\/wp-content\/uploads\/2024\/01\/cta-small.jpg?id=3692) !important;background-position: center !important;background-repeat: no-repeat !important;background-size: cover !important;}&#8221; overlay_bg=&#8221;rgba(0, 0, 0, 0.22)&#8221; hover_overlay_bg=&#8221;rgba(0, 0, 0, 0.4)&#8221; responsive_css=&#8221;padding_top_medium:100px|padding_bottom_medium:80px|padding_top_small:60px|padding_bottom_small:60px&#8221;][vc_column align=&#8221;text-center&#8221; offset=&#8221;vc_col-md-7&#8243; responsive_align=&#8221;text-md-left&#8221; css=&#8221;.vc_custom_1595400834749{margin-bottom: 45px !important;}&#8221;][\/vc_column][vc_column enable_content_animation=&#8221;yes&#8221; ca_init_scale_x=&#8221;1&#8243; [&hellip;]<\/p>\n","protected":false},"author":1,"featured_media":0,"parent":0,"menu_order":0,"comment_status":"closed","ping_status":"closed","template":"","meta":{"footnotes":""},"class_list":["post-3865","page","type-page","status-publish","hentry"],"yoast_head":"<!-- This site is optimized with the Yoast SEO plugin v22.4 - https:\/\/yoast.com\/wordpress\/plugins\/seo\/ -->\n<title>Apie mus - AGA Trade<\/title>\n<meta name=\"robots\" content=\"index, follow, max-snippet:-1, max-image-preview:large, max-video-preview:-1\" \/>\n<link rel=\"canonical\" href=\"https:\/\/agatrade.lt\/lt\/apie-mus\/\" \/>\n<meta property=\"og:locale\" content=\"lt_LT\" \/>\n<meta property=\"og:type\" content=\"article\" \/>\n<meta property=\"og:title\" content=\"Apie mus - AGA Trade\" \/>\n<meta property=\"og:description\" content=\"[vc_row css=&#8221;.vc_custom_1608193681640{padding-top: 60px !important;padding-bottom: 60px !important;}&#8221;][vc_column column_top_ontablet=&#8221;yes&#8221; column_top_onmobile=&#8221;yes&#8221; offset=&#8221;vc_col-md-offset-1 vc_col-md-12&#8243; responsive_css=&#8221;margin_bottom_medium:0px&#8221; css=&#8221;.vc_custom_1704352986889{margin-bottom: 35px !important;}&#8221;][vc_single_image image=&#8221;3687&#8243;][vc_separator color=&#8221;custom&#8221; accent_color=&#8221;rgba(0,0,0,0.1)&#8221; css=&#8221;.vc_custom_1608195050020{margin-top: 10px !important;}&#8221;][vc_row_inner][vc_column_inner width=&#8221;1\/2&#8243;][\/vc_column_inner][vc_column_inner width=&#8221;1\/2&#8243;][\/vc_column_inner][\/vc_row_inner][\/vc_column][\/vc_row][vc_row content_placement=&#8221;middle&#8221; row_scale_bg_onhover=&#8221;yes&#8221; enable_overlay=&#8221;yes&#8221; css=&#8221;.vc_custom_1704459177658{padding-top: 60px !important;padding-bottom: 60px !important;background-image: url(https:\/\/agatrade.lt\/wp-content\/uploads\/2024\/01\/cta-small.jpg?id=3692) !important;background-position: center !important;background-repeat: no-repeat !important;background-size: cover !important;}&#8221; overlay_bg=&#8221;rgba(0, 0, 0, 0.22)&#8221; hover_overlay_bg=&#8221;rgba(0, 0, 0, 0.4)&#8221; responsive_css=&#8221;padding_top_medium:100px|padding_bottom_medium:80px|padding_top_small:60px|padding_bottom_small:60px&#8221;][vc_column align=&#8221;text-center&#8221; offset=&#8221;vc_col-md-7&#8243; responsive_align=&#8221;text-md-left&#8221; css=&#8221;.vc_custom_1595400834749{margin-bottom: 45px !important;}&#8221;][\/vc_column][vc_column enable_content_animation=&#8221;yes&#8221; ca_init_scale_x=&#8221;1&#8243; [&hellip;]\" \/>\n<meta property=\"og:url\" content=\"https:\/\/agatrade.lt\/lt\/apie-mus\/\" \/>\n<meta property=\"og:site_name\" content=\"AGA Trade\" \/>\n<meta property=\"article:modified_time\" content=\"2024-02-12T08:01:23+00:00\" \/>\n<meta name=\"twitter:card\" content=\"summary_large_image\" \/>\n<meta name=\"twitter:label1\" content=\"Est. reading time\" \/>\n\t<meta name=\"twitter:data1\" content=\"3 minut\u0117s\" \/>\n<script type=\"application\/ld+json\" class=\"yoast-schema-graph\">{\"@context\":\"https:\/\/schema.org\",\"@graph\":[{\"@type\":\"WebPage\",\"@id\":\"https:\/\/agatrade.lt\/lt\/apie-mus\/\",\"url\":\"https:\/\/agatrade.lt\/lt\/apie-mus\/\",\"name\":\"Apie mus - AGA Trade\",\"isPartOf\":{\"@id\":\"https:\/\/agatrade.lt\/#website\"},\"datePublished\":\"2024-01-04T07:02:05+00:00\",\"dateModified\":\"2024-02-12T08:01:23+00:00\",\"breadcrumb\":{\"@id\":\"https:\/\/agatrade.lt\/lt\/apie-mus\/#breadcrumb\"},\"inLanguage\":\"lt-LT\",\"potentialAction\":[{\"@type\":\"ReadAction\",\"target\":[\"https:\/\/agatrade.lt\/lt\/apie-mus\/\"]}]},{\"@type\":\"BreadcrumbList\",\"@id\":\"https:\/\/agatrade.lt\/lt\/apie-mus\/#breadcrumb\",\"itemListElement\":[{\"@type\":\"ListItem\",\"position\":1,\"name\":\"Home\",\"item\":\"https:\/\/agatrade.lt\/lt\/\"},{\"@type\":\"ListItem\",\"position\":2,\"name\":\"Apie mus\"}]},{\"@type\":\"WebSite\",\"@id\":\"https:\/\/agatrade.lt\/#website\",\"url\":\"https:\/\/agatrade.lt\/\",\"name\":\"AGA Trade\",\"description\":\"I\u0161pl\u0117skite savo prekybos galimybes\",\"potentialAction\":[{\"@type\":\"SearchAction\",\"target\":{\"@type\":\"EntryPoint\",\"urlTemplate\":\"https:\/\/agatrade.lt\/?s={search_term_string}\"},\"query-input\":\"required name=search_term_string\"}],\"inLanguage\":\"lt-LT\"}]}<\/script>\n<!-- \/ Yoast SEO plugin. -->","yoast_head_json":{"title":"Apie mus - AGA Trade","robots":{"index":"index","follow":"follow","max-snippet":"max-snippet:-1","max-image-preview":"max-image-preview:large","max-video-preview":"max-video-preview:-1"},"canonical":"https:\/\/agatrade.lt\/lt\/apie-mus\/","og_locale":"lt_LT","og_type":"article","og_title":"Apie mus - AGA Trade","og_description":"[vc_row css=&#8221;.vc_custom_1608193681640{padding-top: 60px !important;padding-bottom: 60px !important;}&#8221;][vc_column column_top_ontablet=&#8221;yes&#8221; column_top_onmobile=&#8221;yes&#8221; offset=&#8221;vc_col-md-offset-1 vc_col-md-12&#8243; responsive_css=&#8221;margin_bottom_medium:0px&#8221; css=&#8221;.vc_custom_1704352986889{margin-bottom: 35px !important;}&#8221;][vc_single_image image=&#8221;3687&#8243;][vc_separator color=&#8221;custom&#8221; accent_color=&#8221;rgba(0,0,0,0.1)&#8221; css=&#8221;.vc_custom_1608195050020{margin-top: 10px !important;}&#8221;][vc_row_inner][vc_column_inner width=&#8221;1\/2&#8243;][\/vc_column_inner][vc_column_inner width=&#8221;1\/2&#8243;][\/vc_column_inner][\/vc_row_inner][\/vc_column][\/vc_row][vc_row content_placement=&#8221;middle&#8221; row_scale_bg_onhover=&#8221;yes&#8221; enable_overlay=&#8221;yes&#8221; css=&#8221;.vc_custom_1704459177658{padding-top: 60px !important;padding-bottom: 60px !important;background-image: url(https:\/\/agatrade.lt\/wp-content\/uploads\/2024\/01\/cta-small.jpg?id=3692) !important;background-position: center !important;background-repeat: no-repeat !important;background-size: cover !important;}&#8221; overlay_bg=&#8221;rgba(0, 0, 0, 0.22)&#8221; hover_overlay_bg=&#8221;rgba(0, 0, 0, 0.4)&#8221; responsive_css=&#8221;padding_top_medium:100px|padding_bottom_medium:80px|padding_top_small:60px|padding_bottom_small:60px&#8221;][vc_column align=&#8221;text-center&#8221; offset=&#8221;vc_col-md-7&#8243; responsive_align=&#8221;text-md-left&#8221; css=&#8221;.vc_custom_1595400834749{margin-bottom: 45px !important;}&#8221;][\/vc_column][vc_column enable_content_animation=&#8221;yes&#8221; ca_init_scale_x=&#8221;1&#8243; [&hellip;]","og_url":"https:\/\/agatrade.lt\/lt\/apie-mus\/","og_site_name":"AGA Trade","article_modified_time":"2024-02-12T08:01:23+00:00","twitter_card":"summary_large_image","twitter_misc":{"Est. reading time":"3 minut\u0117s"},"schema":{"@context":"https:\/\/schema.org","@graph":[{"@type":"WebPage","@id":"https:\/\/agatrade.lt\/lt\/apie-mus\/","url":"https:\/\/agatrade.lt\/lt\/apie-mus\/","name":"Apie mus - AGA Trade","isPartOf":{"@id":"https:\/\/agatrade.lt\/#website"},"datePublished":"2024-01-04T07:02:05+00:00","dateModified":"2024-02-12T08:01:23+00:00","breadcrumb":{"@id":"https:\/\/agatrade.lt\/lt\/apie-mus\/#breadcrumb"},"inLanguage":"lt-LT","potentialAction":[{"@type":"ReadAction","target":["https:\/\/agatrade.lt\/lt\/apie-mus\/"]}]},{"@type":"BreadcrumbList","@id":"https:\/\/agatrade.lt\/lt\/apie-mus\/#breadcrumb","itemListElement":[{"@type":"ListItem","position":1,"name":"Home","item":"https:\/\/agatrade.lt\/lt\/"},{"@type":"ListItem","position":2,"name":"Apie mus"}]},{"@type":"WebSite","@id":"https:\/\/agatrade.lt\/#website","url":"https:\/\/agatrade.lt\/","name":"AGA Trade","description":"I\u0161pl\u0117skite savo prekybos galimybes","potentialAction":[{"@type":"SearchAction","target":{"@type":"EntryPoint","urlTemplate":"https:\/\/agatrade.lt\/?s={search_term_string}"},"query-input":"required name=search_term_string"}],"inLanguage":"lt-LT"}]}},"_links":{"self":[{"href":"https:\/\/agatrade.lt\/lt\/wp-json\/wp\/v2\/pages\/3865","targetHints":{"allow":["GET"]}}],"collection":[{"href":"https:\/\/agatrade.lt\/lt\/wp-json\/wp\/v2\/pages"}],"about":[{"href":"https:\/\/agatrade.lt\/lt\/wp-json\/wp\/v2\/types\/page"}],"author":[{"embeddable":true,"href":"https:\/\/agatrade.lt\/lt\/wp-json\/wp\/v2\/users\/1"}],"replies":[{"embeddable":true,"href":"https:\/\/agatrade.lt\/lt\/wp-json\/wp\/v2\/comments?post=3865"}],"version-history":[{"count":0,"href":"https:\/\/agatrade.lt\/lt\/wp-json\/wp\/v2\/pages\/3865\/revisions"}],"wp:attachment":[{"href":"https:\/\/agatrade.lt\/lt\/wp-json\/wp\/v2\/media?parent=3865"}],"curies":[{"name":"wp","href":"https:\/\/api.w.org\/{rel}","templated":true}]}}