{"id":3864,"date":"2024-01-04T07:02:00","date_gmt":"2024-01-04T07:02:00","guid":{"rendered":"https:\/\/agatrade.lt\/success-stories\/"},"modified":"2024-02-12T08:01:15","modified_gmt":"2024-02-12T08:01:15","slug":"sekmes-istorijos","status":"publish","type":"page","link":"https:\/\/agatrade.lt\/lt\/sekmes-istorijos\/","title":{"rendered":"S\u0117km\u0117s istorijos"},"content":{"rendered":"<p>[vc_row css=&#8221;.vc_custom_1608193681640{padding-top: 60px !important;padding-bottom: 60px !important;}&#8221;][vc_column column_top_ontablet=&#8221;yes&#8221; column_top_onmobile=&#8221;yes&#8221; offset=&#8221;vc_col-md-offset-1 vc_col-md-12&#8243; responsive_css=&#8221;margin_bottom_medium:0px&#8221; css=&#8221;.vc_custom_1704354132679{margin-bottom: 35px !important;}&#8221;]<style>.ld_fancy_heading_69d5bf54272d2 h3 {font-size:25px; } .ld_fancy_heading_69d5bf54272d2 h3 {margin-bottom:1em !important;  } .ld_fancy_heading_69d5bf54272d2 .lqd-highlight-inner{height:0.275em!important;bottom:0px!important;}.ld_fancy_heading_69d5bf54272d2 h3 {font-size:25px; } .ld_fancy_heading_69d5bf54272d2 h3 {margin-bottom:1em !important;  } <\/style><div class=\"ld-fancy-heading ld_fancy_heading_69d5bf54272d2\">\n\t<h3 class=\"ld-fh-element lqd-highlight-underline lqd-highlight-grow-left text-decoration-default\"   >  S\u0117km\u0117s istorijos<\/h3><\/div><style>.ld_fancy_heading_69d5bf542798d p {margin-bottom:1.5em !important;  } .ld_fancy_heading_69d5bf542798d .lqd-highlight-inner{height:0.275em!important;bottom:0px!important;}.ld_fancy_heading_69d5bf542798d p {margin-bottom:1.5em !important;  } <\/style><div class=\"ld-fancy-heading ld_fancy_heading_69d5bf542798d\">\n\t<p class=\"ld-fh-element lqd-highlight-underline lqd-highlight-grow-left text-decoration-default\"   >  \u201eAGA trade\u201d \u0161iuo metu dirba su \u0161iomis produkt\u0173 kategorijomis:<\/p><\/div>[vc_row_inner][vc_column_inner]<style>.ld_custom_menu_69d5bf5427c57 > ul > li:not(:last-child){margin-bottom:15px;}.lqd-stickybar > .lqd-head-col > .header-module > .ld_custom_menu_69d5bf5427c57 li{margin-inline-start:15px;}.ld_custom_menu_69d5bf5427c57 > ul > li .link-icon{color:rgb(38, 176, 95);}<\/style><div\n\tclass=\"lqd-fancy-menu lqd-custom-menu lqd-menu-td-none ld_custom_menu_69d5bf5427c57\"\n\t>\n\n\t<ul class=\"reset-ul\" id=\"ld_custom_menu_69d5bf5427c57\" >\n\t<li><a href=\"#\" target=\"_blank\"><span class=\"link-icon left-icon icon-next-to-label\"><i class=\"lqd-icn-ess icon-ion-ios-checkmark\"><\/i><\/span> Buitin\u0117 chemija (skalbimo ir valymo priemon\u0117s) namams ir pramonei<\/a><\/li><li><a href=\"#\" target=\"_blank\"><span class=\"link-icon left-icon icon-next-to-label\"><i class=\"lqd-icn-ess icon-ion-ios-checkmark\"><\/i><\/span> G\u0117rimai ir maisto produktai<\/a><\/li><li><a href=\"#\" target=\"_blank\"><span class=\"link-icon left-icon icon-next-to-label\"><i class=\"lqd-icn-ess icon-ion-ios-checkmark\"><\/i><\/span> \u0160VOK ir In\u017einerini\u0173 tinkl\u0173 sprendimai bei produktai<\/a><\/li><li><a href=\"#\" target=\"_blank\"><span class=\"link-icon left-icon icon-next-to-label\"><i class=\"lqd-icn-ess icon-ion-ios-checkmark\"><\/i><\/span> Vidaus ir lauko ap\u0161vietimo sprendimai bei produktai<\/a><\/li><li><a href=\"#\" target=\"_blank\"><span class=\"link-icon left-icon icon-next-to-label\"><i class=\"lqd-icn-ess icon-ion-ios-checkmark\"><\/i><\/span> Metalo apdirbimo pramon\u0117s produktai<\/a><\/li><li><a href=\"#\" target=\"_blank\"><span class=\"link-icon left-icon icon-next-to-label\"><i class=\"lqd-icn-ess icon-ion-ios-checkmark\"><\/i><\/span> Auk\u0161tos kokyb\u0117s produktai \u017eirgininkyst\u0117s pramonei<\/a><\/li>\t<\/ul>\n<\/div>[\/vc_column_inner][\/vc_row_inner]<style>.ld_spacer_69d5bf5427f5d{height:32px;}<\/style>\n<div class=\"ld-empty-space ld_spacer_69d5bf5427f5d\"><\/div>[vc_single_image image=&#8221;3698&#8243;]<style>.ld_fancy_heading_69d5bf542805e p {margin-bottom:1.5em !important;  } .ld_fancy_heading_69d5bf542805e .lqd-highlight-inner{height:0.275em!important;bottom:0px!important;}.ld_fancy_heading_69d5bf542805e p {margin-bottom:1.5em !important;  } <\/style><div class=\"ld-fancy-heading ld_fancy_heading_69d5bf542805e\">\n\t<p class=\"ld-fh-element lqd-highlight-underline lqd-highlight-grow-left text-decoration-default\"   >  Jeigu J\u016bs\u0173 produktai n\u0117ra priskiriami i\u0161vardintos kategorijoms, susisiekite su mumis. Mes esame visada pasiruo\u0161\u0119 pl\u0117sti savo paslaugas, ie\u0161koti nauj\u0173 rink\u0173 bei galimybi\u0173, pasi\u016blant savo klientams optimaliausi\u0105 sprendim\u0105.<\/p><\/div>[\/vc_column][\/vc_row][vc_row content_placement=&#8221;middle&#8221; row_scale_bg_onhover=&#8221;yes&#8221; enable_overlay=&#8221;yes&#8221; css=&#8221;.vc_custom_1704459257991{padding-top: 60px !important;padding-bottom: 60px !important;background-image: url(https:\/\/agatrade.lt\/wp-content\/uploads\/2024\/01\/cta-small.jpg?id=3692) !important;background-position: center !important;background-repeat: no-repeat !important;background-size: cover !important;}&#8221; overlay_bg=&#8221;rgba(0, 0, 0, 0.22)&#8221; hover_overlay_bg=&#8221;rgba(0, 0, 0, 0.4)&#8221; responsive_css=&#8221;padding_top_medium:100px|padding_bottom_medium:80px|padding_top_small:60px|padding_bottom_small:60px&#8221;][vc_column align=&#8221;text-center&#8221; offset=&#8221;vc_col-md-7&#8243; responsive_align=&#8221;text-md-left&#8221; css=&#8221;.vc_custom_1595400834749{margin-bottom: 45px !important;}&#8221;]<style>.ld_fancy_heading_69d5bf5428237 h2{color:rgb(255, 255, 255);}.ld_fancy_heading_69d5bf5428237 h2 {font-size:35px; } @media (min-width: 768px) { .ld_fancy_heading_69d5bf5428237 h2 {font-size:45px; }  } .ld_fancy_heading_69d5bf5428237 h2 {letter-spacing:-0.01em; } .ld_fancy_heading_69d5bf5428237 h2 {margin-bottom:0px !important;  } .ld_fancy_heading_69d5bf5428237 .lqd-highlight-inner{height:0.275em!important;bottom:0px!important;}.ld_fancy_heading_69d5bf5428237 h2 {font-size:35px; } @media (min-width: 768px) { .ld_fancy_heading_69d5bf5428237 h2 {font-size:45px; }  } .ld_fancy_heading_69d5bf5428237 h2 {letter-spacing:-0.01em; } .ld_fancy_heading_69d5bf5428237 h2 {margin-bottom:0px !important;  } <\/style><div class=\"ld-fancy-heading mask-text ld_fancy_heading_69d5bf5428237\">\n\t<h2 class=\"ld-fh-element lqd-highlight-underline lqd-highlight-grow-left text-decoration-default lqd-split-lines\"   data-split-text=\"true\" data-split-options='{\"type\":\"lines\"}' data-custom-animations=\"true\" data-ca-options='{\"triggerHandler\":\"inview\",\"animationTarget\":\".lqd-lines > .split-inner\",\"duration\":\"1800\",\"delay\":\"180\",\"ease\":\"power4.out\",\"direction\":\"forward\",\"initValues\":{\"y\":90},\"animations\":{\"y\":0}}'>  I\u0161pl\u0117skite savo prekybos galimybes<\/h2><\/div>[\/vc_column][vc_column enable_content_animation=&#8221;yes&#8221; ca_init_scale_x=&#8221;1&#8243; ca_init_scale_y=&#8221;1&#8243; ca_init_opacity=&#8221;0&#8243; ca_an_scale_x=&#8221;1&#8243; ca_an_scale_y=&#8221;1&#8243; ca_an_opacity=&#8221;1&#8243; ca_init_scale_z=&#8221;1&#8243; ca_an_scale_z=&#8221;1&#8243; align=&#8221;text-center&#8221; offset=&#8221;vc_col-md-offset-2 vc_col-md-3&#8243; ca_init_translate_y=&#8221;39&#8243; responsive_align=&#8221;text-md-right&#8221;]<style>.ld_button_69d5bf5428344.btn-icon-solid:hover .btn-icon{background:rgb(59, 59, 59);}.ld_button_69d5bf5428344:hover{background-color:rgb(59, 59, 59);border-color:rgb(59, 59, 59);}.ld_button_69d5bf5428344 .btn-gradient-bg-hover{background:-webkit-linear-gradient(to right, rgb(59, 59, 59) 0%, rgb(59, 59, 59) 100%);background:linear-gradient(to right, rgb(59, 59, 59) 0%, rgb(59, 59, 59) 100%);}.ld_button_69d5bf5428344:hover .btn-gradient-border defs stop:first-child{stop-color:rgb(59, 59, 59);}.ld_button_69d5bf5428344:hover .btn-gradient-border defs stop:last-child{stop-color:rgb(59, 59, 59);}.ld_button_69d5bf5428344 {line-height:1.5em; } .ld_button_69d5bf5428344 {--element-line-height:1.5em; } .ld_button_69d5bf5428344 {line-height:1.5em; } .ld_button_69d5bf5428344 {--element-line-height:1.5em; } .ld_button_69d5bf5428344 {line-height:1.5em; } .ld_button_69d5bf5428344 {--element-line-height:1.5em; } .ld_button_69d5bf5428344 {line-height:1.5em; } .ld_button_69d5bf5428344 {--element-line-height:1.5em; } <\/style><a href=\"\/lt\/kontaktai\/\" class=\"btn btn-solid text-uppercase btn-xlg round border-thin btn-hover-swp btn-has-label ld_button_69d5bf5428344\" >\n\t<span>\n\t\t\n\t\t\t\t\t<span class=\"btn-txt\" data-text=\"Susisiekite\" >Susisiekite<\/span>\n\t\t\t\n\t<span class=\"btn-icon\"><i class=\"lqd-icn-ess icon-md-arrow-forward\"><\/i><\/span>\t<span class=\"btn-icon\"><i class=\"lqd-icn-ess icon-md-arrow-forward\"><\/i><\/span>\t\t\t<\/span>\n<\/a>\n[\/vc_column][\/vc_row][vc_row css=&#8221;.vc_custom_1704463706959{padding-top: 55px !important;padding-bottom: 55px !important;}&#8221;][vc_column offset=&#8221;vc_col-md-3&#8243; responsive_css=&#8221;margin_bottom_medium:0px&#8221; css=&#8221;.vc_custom_1596325944900{margin-bottom: 35px !important;}&#8221; responsive_align=&#8221;text-xs-center&#8221;]<style>.ld_fancy_heading_69d5bf54285f0 h6{color:rgb(0, 0, 0);}.ld_fancy_heading_69d5bf54285f0 h6 {font-size:14px; } .ld_fancy_heading_69d5bf54285f0 h6 {font-weight:400; } .ld_fancy_heading_69d5bf54285f0 h6 {margin-bottom:1em !important;  } .ld_fancy_heading_69d5bf54285f0 .lqd-highlight-inner{height:0.275em!important;bottom:0px!important;}.ld_fancy_heading_69d5bf54285f0 h6 {font-size:14px; } .ld_fancy_heading_69d5bf54285f0 h6 {font-weight:400; } .ld_fancy_heading_69d5bf54285f0 h6 {margin-bottom:1em !important;  } <\/style><div class=\"ld-fancy-heading ld_fancy_heading_69d5bf54285f0\">\n\t<h6 class=\"ld-fh-element lqd-highlight-underline lqd-highlight-grow-left text-decoration-default\"   >  S\u0116KM\u0116S ISTORIJOS<\/h6><\/div>[\/vc_column][vc_column offset=&#8221;vc_col-md-9&#8243;]<style>.carousel-container.ld_carousel_tab_69d5bf5428a39 .carousel-item{width:33.333333333333%;flex-basis:33.333333333333%;padding-inline-start:3%;padding-inline-end:3%;}.carousel-container.ld_carousel_tab_69d5bf5428a39 .carousel-items{margin-inline-start:-3%;margin-inline-end:-3%;}.ld_carousel_tab_69d5bf5428a39.carousel-dots{position:relative;top:auto;right:auto;bottom:-25px;left:auto;}@media (min-width: 768px) {.carousel-container.ld_carousel_tab_69d5bf5428a39 .carousel-item { width:25%; flex-basis: 25%; }.carousel-container.ld_carousel_tab_69d5bf5428a39 .carousel-item { padding-inline-start:4%;padding-inline-end:4%;}.carousel-container.ld_carousel_tab_69d5bf5428a39 .carousel-items { margin-inline-start:-4%;margin-inline-end:-4%;}}@media (min-width: 992px) {.carousel-container.ld_carousel_tab_69d5bf5428a39 .carousel-item { width:20%; flex-basis: 20%; }}<\/style><div id=\"ld_carousel_tab_69d5bf5428a39\" class=\"carousel-container carousel-nav-left carousel-nav-mobile-center no carousel-nav-md carousel-dots-mobile-center carousel-dots-style1 carousel-dots-mobile-outside ld_carousel_tab_69d5bf5428a39\">\n\n\t<div class=\"carousel-items\"  data-lqd-flickity='{\"cellSelector\":\".carousel-item\",\"cellAlign\":\"left\",\"prevNextButtons\":false,\"pageDots\":false,\"groupCells\":true,\"wrapAround\":true,\"equalHeightCells\":true,\"middleAlignContent\":true,\"pauseAutoPlayOnHover\":false,\"buttonsAppendTo\":\"self\",\"addSlideNumbersToArrows\":false,\"dotsIndicator\":\"dots\",\"numbersStyle\":\"circle\",\"dotsAppendTo\":\"self\"}' >\n\t<div class=\"carousel-item has-width\"><div class=\"carousel-item-inner\"><div class=\"carousel-item-content\">[vc_single_image image=&#8221;3959&#8243; alignment=&#8221;center&#8221; enable_opacity=&#8221;yes&#8221; opacity=&#8221;0.75&#8243; css=&#8221;.vc_custom_1707112223812{margin-bottom: 0px !important;}&#8221;]<\/div><\/div><\/div><div class=\"carousel-item has-width\"><div class=\"carousel-item-inner\"><div class=\"carousel-item-content\">[vc_single_image image=&#8221;3962&#8243; alignment=&#8221;center&#8221; enable_opacity=&#8221;yes&#8221; opacity=&#8221;0.75&#8243; css=&#8221;.vc_custom_1707112260843{margin-bottom: 0px !important;}&#8221;]<\/div><\/div><\/div><div class=\"carousel-item has-width\"><div class=\"carousel-item-inner\"><div class=\"carousel-item-content\">[vc_single_image image=&#8221;4045&#8243; alignment=&#8221;center&#8221; enable_opacity=&#8221;yes&#8221; opacity=&#8221;0.75&#8243; css=&#8221;.vc_custom_1707724872240{margin-bottom: 0px !important;}&#8221;]<\/div><\/div><\/div>\t<\/div>\n\n<\/div>[\/vc_column][\/vc_row]<\/p>\n","protected":false},"excerpt":{"rendered":"<p>[vc_row css=&#8221;.vc_custom_1608193681640{padding-top: 60px !important;padding-bottom: 60px !important;}&#8221;][vc_column column_top_ontablet=&#8221;yes&#8221; column_top_onmobile=&#8221;yes&#8221; offset=&#8221;vc_col-md-offset-1 vc_col-md-12&#8243; responsive_css=&#8221;margin_bottom_medium:0px&#8221; css=&#8221;.vc_custom_1704354132679{margin-bottom: 35px !important;}&#8221;][vc_row_inner][vc_column_inner][\/vc_column_inner][\/vc_row_inner][vc_single_image image=&#8221;3698&#8243;][\/vc_column][\/vc_row][vc_row content_placement=&#8221;middle&#8221; row_scale_bg_onhover=&#8221;yes&#8221; enable_overlay=&#8221;yes&#8221; css=&#8221;.vc_custom_1704459257991{padding-top: 60px !important;padding-bottom: 60px !important;background-image: url(https:\/\/agatrade.lt\/wp-content\/uploads\/2024\/01\/cta-small.jpg?id=3692) !important;background-position: center !important;background-repeat: no-repeat !important;background-size: cover !important;}&#8221; overlay_bg=&#8221;rgba(0, 0, 0, 0.22)&#8221; hover_overlay_bg=&#8221;rgba(0, 0, 0, 0.4)&#8221; responsive_css=&#8221;padding_top_medium:100px|padding_bottom_medium:80px|padding_top_small:60px|padding_bottom_small:60px&#8221;][vc_column align=&#8221;text-center&#8221; offset=&#8221;vc_col-md-7&#8243; responsive_align=&#8221;text-md-left&#8221; css=&#8221;.vc_custom_1595400834749{margin-bottom: 45px !important;}&#8221;][\/vc_column][vc_column enable_content_animation=&#8221;yes&#8221; ca_init_scale_x=&#8221;1&#8243; ca_init_scale_y=&#8221;1&#8243; ca_init_opacity=&#8221;0&#8243; ca_an_scale_x=&#8221;1&#8243; ca_an_scale_y=&#8221;1&#8243; ca_an_opacity=&#8221;1&#8243; ca_init_scale_z=&#8221;1&#8243; ca_an_scale_z=&#8221;1&#8243; [&hellip;]<\/p>\n","protected":false},"author":1,"featured_media":0,"parent":0,"menu_order":0,"comment_status":"closed","ping_status":"closed","template":"","meta":{"footnotes":""},"class_list":["post-3864","page","type-page","status-publish","hentry"],"yoast_head":"<!-- This site is optimized with the Yoast SEO plugin v22.4 - https:\/\/yoast.com\/wordpress\/plugins\/seo\/ -->\n<title>S\u0117km\u0117s istorijos - AGA Trade<\/title>\n<meta name=\"robots\" content=\"index, follow, max-snippet:-1, max-image-preview:large, max-video-preview:-1\" \/>\n<link rel=\"canonical\" href=\"https:\/\/agatrade.lt\/lt\/sekmes-istorijos\/\" \/>\n<meta property=\"og:locale\" content=\"lt_LT\" \/>\n<meta property=\"og:type\" content=\"article\" \/>\n<meta property=\"og:title\" content=\"S\u0117km\u0117s istorijos - AGA Trade\" \/>\n<meta property=\"og:description\" content=\"[vc_row css=&#8221;.vc_custom_1608193681640{padding-top: 60px !important;padding-bottom: 60px !important;}&#8221;][vc_column column_top_ontablet=&#8221;yes&#8221; column_top_onmobile=&#8221;yes&#8221; offset=&#8221;vc_col-md-offset-1 vc_col-md-12&#8243; responsive_css=&#8221;margin_bottom_medium:0px&#8221; css=&#8221;.vc_custom_1704354132679{margin-bottom: 35px !important;}&#8221;][vc_row_inner][vc_column_inner][\/vc_column_inner][\/vc_row_inner][vc_single_image image=&#8221;3698&#8243;][\/vc_column][\/vc_row][vc_row content_placement=&#8221;middle&#8221; row_scale_bg_onhover=&#8221;yes&#8221; enable_overlay=&#8221;yes&#8221; css=&#8221;.vc_custom_1704459257991{padding-top: 60px !important;padding-bottom: 60px !important;background-image: url(https:\/\/agatrade.lt\/wp-content\/uploads\/2024\/01\/cta-small.jpg?id=3692) !important;background-position: center !important;background-repeat: no-repeat !important;background-size: cover !important;}&#8221; overlay_bg=&#8221;rgba(0, 0, 0, 0.22)&#8221; hover_overlay_bg=&#8221;rgba(0, 0, 0, 0.4)&#8221; responsive_css=&#8221;padding_top_medium:100px|padding_bottom_medium:80px|padding_top_small:60px|padding_bottom_small:60px&#8221;][vc_column align=&#8221;text-center&#8221; offset=&#8221;vc_col-md-7&#8243; responsive_align=&#8221;text-md-left&#8221; css=&#8221;.vc_custom_1595400834749{margin-bottom: 45px !important;}&#8221;][\/vc_column][vc_column enable_content_animation=&#8221;yes&#8221; ca_init_scale_x=&#8221;1&#8243; ca_init_scale_y=&#8221;1&#8243; ca_init_opacity=&#8221;0&#8243; ca_an_scale_x=&#8221;1&#8243; ca_an_scale_y=&#8221;1&#8243; ca_an_opacity=&#8221;1&#8243; ca_init_scale_z=&#8221;1&#8243; ca_an_scale_z=&#8221;1&#8243; [&hellip;]\" \/>\n<meta property=\"og:url\" content=\"https:\/\/agatrade.lt\/lt\/sekmes-istorijos\/\" \/>\n<meta property=\"og:site_name\" content=\"AGA Trade\" \/>\n<meta property=\"article:modified_time\" content=\"2024-02-12T08:01:15+00:00\" \/>\n<meta name=\"twitter:card\" content=\"summary_large_image\" \/>\n<meta name=\"twitter:label1\" content=\"Est. reading time\" \/>\n\t<meta name=\"twitter:data1\" content=\"2 minut\u0117s\" \/>\n<script type=\"application\/ld+json\" class=\"yoast-schema-graph\">{\"@context\":\"https:\/\/schema.org\",\"@graph\":[{\"@type\":\"WebPage\",\"@id\":\"https:\/\/agatrade.lt\/lt\/sekmes-istorijos\/\",\"url\":\"https:\/\/agatrade.lt\/lt\/sekmes-istorijos\/\",\"name\":\"S\u0117km\u0117s istorijos - AGA Trade\",\"isPartOf\":{\"@id\":\"https:\/\/agatrade.lt\/#website\"},\"datePublished\":\"2024-01-04T07:02:00+00:00\",\"dateModified\":\"2024-02-12T08:01:15+00:00\",\"breadcrumb\":{\"@id\":\"https:\/\/agatrade.lt\/lt\/sekmes-istorijos\/#breadcrumb\"},\"inLanguage\":\"lt-LT\",\"potentialAction\":[{\"@type\":\"ReadAction\",\"target\":[\"https:\/\/agatrade.lt\/lt\/sekmes-istorijos\/\"]}]},{\"@type\":\"BreadcrumbList\",\"@id\":\"https:\/\/agatrade.lt\/lt\/sekmes-istorijos\/#breadcrumb\",\"itemListElement\":[{\"@type\":\"ListItem\",\"position\":1,\"name\":\"Home\",\"item\":\"https:\/\/agatrade.lt\/lt\/\"},{\"@type\":\"ListItem\",\"position\":2,\"name\":\"S\u0117km\u0117s istorijos\"}]},{\"@type\":\"WebSite\",\"@id\":\"https:\/\/agatrade.lt\/#website\",\"url\":\"https:\/\/agatrade.lt\/\",\"name\":\"AGA Trade\",\"description\":\"I\u0161pl\u0117skite savo prekybos galimybes\",\"potentialAction\":[{\"@type\":\"SearchAction\",\"target\":{\"@type\":\"EntryPoint\",\"urlTemplate\":\"https:\/\/agatrade.lt\/?s={search_term_string}\"},\"query-input\":\"required name=search_term_string\"}],\"inLanguage\":\"lt-LT\"}]}<\/script>\n<!-- \/ Yoast SEO plugin. -->","yoast_head_json":{"title":"S\u0117km\u0117s istorijos - AGA Trade","robots":{"index":"index","follow":"follow","max-snippet":"max-snippet:-1","max-image-preview":"max-image-preview:large","max-video-preview":"max-video-preview:-1"},"canonical":"https:\/\/agatrade.lt\/lt\/sekmes-istorijos\/","og_locale":"lt_LT","og_type":"article","og_title":"S\u0117km\u0117s istorijos - AGA Trade","og_description":"[vc_row css=&#8221;.vc_custom_1608193681640{padding-top: 60px !important;padding-bottom: 60px !important;}&#8221;][vc_column column_top_ontablet=&#8221;yes&#8221; column_top_onmobile=&#8221;yes&#8221; offset=&#8221;vc_col-md-offset-1 vc_col-md-12&#8243; responsive_css=&#8221;margin_bottom_medium:0px&#8221; css=&#8221;.vc_custom_1704354132679{margin-bottom: 35px !important;}&#8221;][vc_row_inner][vc_column_inner][\/vc_column_inner][\/vc_row_inner][vc_single_image image=&#8221;3698&#8243;][\/vc_column][\/vc_row][vc_row content_placement=&#8221;middle&#8221; row_scale_bg_onhover=&#8221;yes&#8221; enable_overlay=&#8221;yes&#8221; css=&#8221;.vc_custom_1704459257991{padding-top: 60px !important;padding-bottom: 60px !important;background-image: url(https:\/\/agatrade.lt\/wp-content\/uploads\/2024\/01\/cta-small.jpg?id=3692) !important;background-position: center !important;background-repeat: no-repeat !important;background-size: cover !important;}&#8221; overlay_bg=&#8221;rgba(0, 0, 0, 0.22)&#8221; hover_overlay_bg=&#8221;rgba(0, 0, 0, 0.4)&#8221; responsive_css=&#8221;padding_top_medium:100px|padding_bottom_medium:80px|padding_top_small:60px|padding_bottom_small:60px&#8221;][vc_column align=&#8221;text-center&#8221; offset=&#8221;vc_col-md-7&#8243; responsive_align=&#8221;text-md-left&#8221; css=&#8221;.vc_custom_1595400834749{margin-bottom: 45px !important;}&#8221;][\/vc_column][vc_column enable_content_animation=&#8221;yes&#8221; ca_init_scale_x=&#8221;1&#8243; ca_init_scale_y=&#8221;1&#8243; ca_init_opacity=&#8221;0&#8243; ca_an_scale_x=&#8221;1&#8243; ca_an_scale_y=&#8221;1&#8243; ca_an_opacity=&#8221;1&#8243; ca_init_scale_z=&#8221;1&#8243; ca_an_scale_z=&#8221;1&#8243; [&hellip;]","og_url":"https:\/\/agatrade.lt\/lt\/sekmes-istorijos\/","og_site_name":"AGA Trade","article_modified_time":"2024-02-12T08:01:15+00:00","twitter_card":"summary_large_image","twitter_misc":{"Est. reading time":"2 minut\u0117s"},"schema":{"@context":"https:\/\/schema.org","@graph":[{"@type":"WebPage","@id":"https:\/\/agatrade.lt\/lt\/sekmes-istorijos\/","url":"https:\/\/agatrade.lt\/lt\/sekmes-istorijos\/","name":"S\u0117km\u0117s istorijos - AGA Trade","isPartOf":{"@id":"https:\/\/agatrade.lt\/#website"},"datePublished":"2024-01-04T07:02:00+00:00","dateModified":"2024-02-12T08:01:15+00:00","breadcrumb":{"@id":"https:\/\/agatrade.lt\/lt\/sekmes-istorijos\/#breadcrumb"},"inLanguage":"lt-LT","potentialAction":[{"@type":"ReadAction","target":["https:\/\/agatrade.lt\/lt\/sekmes-istorijos\/"]}]},{"@type":"BreadcrumbList","@id":"https:\/\/agatrade.lt\/lt\/sekmes-istorijos\/#breadcrumb","itemListElement":[{"@type":"ListItem","position":1,"name":"Home","item":"https:\/\/agatrade.lt\/lt\/"},{"@type":"ListItem","position":2,"name":"S\u0117km\u0117s istorijos"}]},{"@type":"WebSite","@id":"https:\/\/agatrade.lt\/#website","url":"https:\/\/agatrade.lt\/","name":"AGA Trade","description":"I\u0161pl\u0117skite savo prekybos galimybes","potentialAction":[{"@type":"SearchAction","target":{"@type":"EntryPoint","urlTemplate":"https:\/\/agatrade.lt\/?s={search_term_string}"},"query-input":"required name=search_term_string"}],"inLanguage":"lt-LT"}]}},"_links":{"self":[{"href":"https:\/\/agatrade.lt\/lt\/wp-json\/wp\/v2\/pages\/3864","targetHints":{"allow":["GET"]}}],"collection":[{"href":"https:\/\/agatrade.lt\/lt\/wp-json\/wp\/v2\/pages"}],"about":[{"href":"https:\/\/agatrade.lt\/lt\/wp-json\/wp\/v2\/types\/page"}],"author":[{"embeddable":true,"href":"https:\/\/agatrade.lt\/lt\/wp-json\/wp\/v2\/users\/1"}],"replies":[{"embeddable":true,"href":"https:\/\/agatrade.lt\/lt\/wp-json\/wp\/v2\/comments?post=3864"}],"version-history":[{"count":0,"href":"https:\/\/agatrade.lt\/lt\/wp-json\/wp\/v2\/pages\/3864\/revisions"}],"wp:attachment":[{"href":"https:\/\/agatrade.lt\/lt\/wp-json\/wp\/v2\/media?parent=3864"}],"curies":[{"name":"wp","href":"https:\/\/api.w.org\/{rel}","templated":true}]}}